{"id":1299,"date":"2023-05-12T08:54:14","date_gmt":"2023-05-12T06:54:14","guid":{"rendered":"https:\/\/pfac.fr\/?page_id=1299"},"modified":"2023-06-19T08:01:23","modified_gmt":"2023-06-19T06:01:23","slug":"mentions-legales","status":"publish","type":"page","link":"https:\/\/pfac.fr\/pompes-funebres\/mentions-legales\/","title":{"rendered":"Mentions l\u00e9gales"},"content":{"rendered":"\t\t<div data-elementor-type=\"wp-page\" data-elementor-id=\"1299\" class=\"elementor elementor-1299\">\n\t\t\t\t<div class=\"elementor-element elementor-element-d7344a3 e-flex e-con-boxed e-con e-parent\" data-id=\"d7344a3\" data-element_type=\"container\" data-e-type=\"container\" data-settings=\"{&quot;background_background&quot;:&quot;classic&quot;}\">\n\t\t\t\t\t<div class=\"e-con-inner\">\n\t\t\t\t<div class=\"elementor-element elementor-element-f8278f8 elementor-widget elementor-widget-heading\" data-id=\"f8278f8\" data-element_type=\"widget\" data-e-type=\"widget\" data-widget_type=\"heading.default\">\n\t\t\t\t<div class=\"elementor-widget-container\">\n\t\t\t\t\t<h1 class=\"elementor-heading-title elementor-size-default\">Mentions L\u00e9gales<\/h1>\t\t\t\t<\/div>\n\t\t\t\t<\/div>\n\t\t\t\t\t<\/div>\n\t\t\t\t<\/div>\n\t\t<div class=\"elementor-element elementor-element-8649687 e-flex e-con-boxed e-con e-parent\" data-id=\"8649687\" data-element_type=\"container\" data-e-type=\"container\">\n\t\t\t\t\t<div class=\"e-con-inner\">\n\t\t\t\t<div class=\"elementor-element elementor-element-d44a040 elementor-widget elementor-widget-heading\" data-id=\"d44a040\" data-element_type=\"widget\" data-e-type=\"widget\" data-widget_type=\"heading.default\">\n\t\t\t\t<div class=\"elementor-widget-container\">\n\t\t\t\t\t<h2 class=\"elementor-heading-title elementor-size-default\">Artolie Ciron Pompes Fun\u00e8bres SAS<\/h2>\t\t\t\t<\/div>\n\t\t\t\t<\/div>\n\t\t\t\t<div class=\"elementor-element elementor-element-f8c73b4 elementor-widget elementor-widget-text-editor\" data-id=\"f8c73b4\" data-element_type=\"widget\" data-e-type=\"widget\" data-widget_type=\"text-editor.default\">\n\t\t\t\t<div class=\"elementor-widget-container\">\n\t\t\t\t\t\t\t\t\t<p><strong>Adresse<\/strong> : 9 PL DE LA LIBERATION 33410 CADILLAC-SUR-GARONNE<\/p><p><strong>SIREN<\/strong> : 832769152<\/p><p><strong>Mail<\/strong> :\u00a0<a class=\"warning\" href=\"mailto:contact@pfac.fr\">contact@pfac.fr<\/a><\/p><p><strong>Tel<\/strong> : 05 33 90 01 53<\/p><div class=\"copyNumber\"><div class=\"copyNumber\"><strong>Num\u00e9ro TVA Intracommunautaire<\/strong> : FR09832769152<\/div><\/div><div><strong>H\u00e9bergeur du site<\/strong> : IONOS\u00a0SARL<\/div><div>7, place de la Gare, BP 70109, 57200 Sarreguemines Cedex<\/div><div><strong>Tel<\/strong> : 0970 808 911<\/div><p>\u00a0<\/p>\t\t\t\t\t\t\t\t<\/div>\n\t\t\t\t<\/div>\n\t\t\t\t\t<\/div>\n\t\t\t\t<\/div>\n\t\t\t\t<\/div>\n\t\t","protected":false},"excerpt":{"rendered":"<p>Mentions L\u00e9gales Artolie Ciron Pompes Fun\u00e8bres SAS Adresse : 9 PL DE LA LIBERATION 33410 CADILLAC-SUR-GARONNE SIREN : 832769152 Mail :\u00a0contact@pfac.fr Tel : 05 33 90 01 53 Num\u00e9ro TVA Intracommunautaire : FR09832769152H\u00e9bergeur du site : IONOS\u00a0SARL7, place de la Gare, BP 70109, 57200 Sarreguemines CedexTel : 0970 808 911 \u00a0<\/p>\n","protected":false},"author":1,"featured_media":0,"parent":0,"menu_order":0,"comment_status":"closed","ping_status":"closed","template":"","meta":{"footnotes":""},"class_list":["post-1299","page","type-page","status-publish","hentry"],"yoast_head":"<!-- This site is optimized with the Yoast SEO plugin v27.1.1 - https:\/\/yoast.com\/product\/yoast-seo-wordpress\/ -->\n<title>Mentions l\u00e9gales &#8902; Artolie Ciron Pompes fun\u00e8bres<\/title>\n<meta name=\"robots\" content=\"index, follow, max-snippet:-1, max-image-preview:large, max-video-preview:-1\" \/>\n<link rel=\"canonical\" href=\"https:\/\/pfac.fr\/pompes-funebres\/mentions-legales\/\" \/>\n<meta property=\"og:locale\" content=\"fr_FR\" \/>\n<meta property=\"og:type\" content=\"article\" \/>\n<meta property=\"og:title\" content=\"Mentions l\u00e9gales &#8902; Artolie Ciron Pompes fun\u00e8bres\" \/>\n<meta property=\"og:description\" content=\"Mentions L\u00e9gales Artolie Ciron Pompes Fun\u00e8bres SAS Adresse : 9 PL DE LA LIBERATION 33410 CADILLAC-SUR-GARONNE SIREN : 832769152 Mail :\u00a0contact@pfac.fr Tel : 05 33 90 01 53 Num\u00e9ro TVA Intracommunautaire : FR09832769152H\u00e9bergeur du site : IONOS\u00a0SARL7, place de la Gare, BP 70109, 57200 Sarreguemines CedexTel : 0970 808 911 \u00a0\" \/>\n<meta property=\"og:url\" content=\"https:\/\/pfac.fr\/pompes-funebres\/mentions-legales\/\" \/>\n<meta property=\"og:site_name\" content=\"Artolie Ciron Pompes fun\u00e8bres\" \/>\n<meta property=\"article:publisher\" content=\"https:\/\/www.facebook.com\/artolie.ciron.pompes.funebres\" \/>\n<meta property=\"article:modified_time\" content=\"2023-06-19T06:01:23+00:00\" \/>\n<meta name=\"twitter:card\" content=\"summary_large_image\" \/>\n<meta name=\"twitter:label1\" content=\"Dur\u00e9e de lecture estim\u00e9e\" \/>\n\t<meta name=\"twitter:data1\" content=\"1 minute\" \/>\n<script type=\"application\/ld+json\" class=\"yoast-schema-graph\">{\"@context\":\"https:\/\/schema.org\",\"@graph\":[{\"@type\":\"WebPage\",\"@id\":\"https:\/\/pfac.fr\/pompes-funebres\/mentions-legales\/\",\"url\":\"https:\/\/pfac.fr\/pompes-funebres\/mentions-legales\/\",\"name\":\"Mentions l\u00e9gales &#8902; Artolie Ciron Pompes fun\u00e8bres\",\"isPartOf\":{\"@id\":\"https:\/\/pfac.fr\/pompes-funebres\/#website\"},\"datePublished\":\"2023-05-12T06:54:14+00:00\",\"dateModified\":\"2023-06-19T06:01:23+00:00\",\"breadcrumb\":{\"@id\":\"https:\/\/pfac.fr\/pompes-funebres\/mentions-legales\/#breadcrumb\"},\"inLanguage\":\"fr-FR\",\"potentialAction\":[{\"@type\":\"ReadAction\",\"target\":[\"https:\/\/pfac.fr\/pompes-funebres\/mentions-legales\/\"]}]},{\"@type\":\"BreadcrumbList\",\"@id\":\"https:\/\/pfac.fr\/pompes-funebres\/mentions-legales\/#breadcrumb\",\"itemListElement\":[{\"@type\":\"ListItem\",\"position\":1,\"name\":\"Accueil\",\"item\":\"https:\/\/pfac.fr\/pompes-funebres\/\"},{\"@type\":\"ListItem\",\"position\":2,\"name\":\"Mentions l\u00e9gales\"}]},{\"@type\":\"WebSite\",\"@id\":\"https:\/\/pfac.fr\/pompes-funebres\/#website\",\"url\":\"https:\/\/pfac.fr\/pompes-funebres\/\",\"name\":\"Artolie Ciron Pompes fun\u00e8bres\",\"description\":\"Service de pompes fun\u00e8bres \u00e0 Cadillac,  Podensac et alentours\",\"publisher\":{\"@id\":\"https:\/\/pfac.fr\/pompes-funebres\/#organization\"},\"alternateName\":\"Pompes fun\u00e8bres Cadillac\",\"potentialAction\":[{\"@type\":\"SearchAction\",\"target\":{\"@type\":\"EntryPoint\",\"urlTemplate\":\"https:\/\/pfac.fr\/pompes-funebres\/?s={search_term_string}\"},\"query-input\":{\"@type\":\"PropertyValueSpecification\",\"valueRequired\":true,\"valueName\":\"search_term_string\"}}],\"inLanguage\":\"fr-FR\"},{\"@type\":\"Organization\",\"@id\":\"https:\/\/pfac.fr\/pompes-funebres\/#organization\",\"name\":\"Artolie Ciron\",\"alternateName\":\"Pompes fun\u00e8bres \u00e0 Cadillac\",\"url\":\"https:\/\/pfac.fr\/pompes-funebres\/\",\"logo\":{\"@type\":\"ImageObject\",\"inLanguage\":\"fr-FR\",\"@id\":\"https:\/\/pfac.fr\/pompes-funebres\/#\/schema\/logo\/image\/\",\"url\":\"https:\/\/pfac.fr\/wp-content\/uploads\/2022\/11\/logo-artolie-ciron-e1588287645926.png\",\"contentUrl\":\"https:\/\/pfac.fr\/wp-content\/uploads\/2022\/11\/logo-artolie-ciron-e1588287645926.png\",\"width\":120,\"height\":75,\"caption\":\"Artolie Ciron\"},\"image\":{\"@id\":\"https:\/\/pfac.fr\/pompes-funebres\/#\/schema\/logo\/image\/\"},\"sameAs\":[\"https:\/\/www.facebook.com\/artolie.ciron.pompes.funebres\",\"https:\/\/www.instagram.com\/artolie_ciron_pompes_funebres\/\"]}]}<\/script>\n<!-- \/ Yoast SEO plugin. -->","yoast_head_json":{"title":"Mentions l\u00e9gales &#8902; Artolie Ciron Pompes fun\u00e8bres","robots":{"index":"index","follow":"follow","max-snippet":"max-snippet:-1","max-image-preview":"max-image-preview:large","max-video-preview":"max-video-preview:-1"},"canonical":"https:\/\/pfac.fr\/pompes-funebres\/mentions-legales\/","og_locale":"fr_FR","og_type":"article","og_title":"Mentions l\u00e9gales &#8902; Artolie Ciron Pompes fun\u00e8bres","og_description":"Mentions L\u00e9gales Artolie Ciron Pompes Fun\u00e8bres SAS Adresse : 9 PL DE LA LIBERATION 33410 CADILLAC-SUR-GARONNE SIREN : 832769152 Mail :\u00a0contact@pfac.fr Tel : 05 33 90 01 53 Num\u00e9ro TVA Intracommunautaire : FR09832769152H\u00e9bergeur du site : IONOS\u00a0SARL7, place de la Gare, BP 70109, 57200 Sarreguemines CedexTel : 0970 808 911 \u00a0","og_url":"https:\/\/pfac.fr\/pompes-funebres\/mentions-legales\/","og_site_name":"Artolie Ciron Pompes fun\u00e8bres","article_publisher":"https:\/\/www.facebook.com\/artolie.ciron.pompes.funebres","article_modified_time":"2023-06-19T06:01:23+00:00","twitter_card":"summary_large_image","twitter_misc":{"Dur\u00e9e de lecture estim\u00e9e":"1 minute"},"schema":{"@context":"https:\/\/schema.org","@graph":[{"@type":"WebPage","@id":"https:\/\/pfac.fr\/pompes-funebres\/mentions-legales\/","url":"https:\/\/pfac.fr\/pompes-funebres\/mentions-legales\/","name":"Mentions l\u00e9gales &#8902; Artolie Ciron Pompes fun\u00e8bres","isPartOf":{"@id":"https:\/\/pfac.fr\/pompes-funebres\/#website"},"datePublished":"2023-05-12T06:54:14+00:00","dateModified":"2023-06-19T06:01:23+00:00","breadcrumb":{"@id":"https:\/\/pfac.fr\/pompes-funebres\/mentions-legales\/#breadcrumb"},"inLanguage":"fr-FR","potentialAction":[{"@type":"ReadAction","target":["https:\/\/pfac.fr\/pompes-funebres\/mentions-legales\/"]}]},{"@type":"BreadcrumbList","@id":"https:\/\/pfac.fr\/pompes-funebres\/mentions-legales\/#breadcrumb","itemListElement":[{"@type":"ListItem","position":1,"name":"Accueil","item":"https:\/\/pfac.fr\/pompes-funebres\/"},{"@type":"ListItem","position":2,"name":"Mentions l\u00e9gales"}]},{"@type":"WebSite","@id":"https:\/\/pfac.fr\/pompes-funebres\/#website","url":"https:\/\/pfac.fr\/pompes-funebres\/","name":"Artolie Ciron Pompes fun\u00e8bres","description":"Service de pompes fun\u00e8bres \u00e0 Cadillac,  Podensac et alentours","publisher":{"@id":"https:\/\/pfac.fr\/pompes-funebres\/#organization"},"alternateName":"Pompes fun\u00e8bres Cadillac","potentialAction":[{"@type":"SearchAction","target":{"@type":"EntryPoint","urlTemplate":"https:\/\/pfac.fr\/pompes-funebres\/?s={search_term_string}"},"query-input":{"@type":"PropertyValueSpecification","valueRequired":true,"valueName":"search_term_string"}}],"inLanguage":"fr-FR"},{"@type":"Organization","@id":"https:\/\/pfac.fr\/pompes-funebres\/#organization","name":"Artolie Ciron","alternateName":"Pompes fun\u00e8bres \u00e0 Cadillac","url":"https:\/\/pfac.fr\/pompes-funebres\/","logo":{"@type":"ImageObject","inLanguage":"fr-FR","@id":"https:\/\/pfac.fr\/pompes-funebres\/#\/schema\/logo\/image\/","url":"https:\/\/pfac.fr\/wp-content\/uploads\/2022\/11\/logo-artolie-ciron-e1588287645926.png","contentUrl":"https:\/\/pfac.fr\/wp-content\/uploads\/2022\/11\/logo-artolie-ciron-e1588287645926.png","width":120,"height":75,"caption":"Artolie Ciron"},"image":{"@id":"https:\/\/pfac.fr\/pompes-funebres\/#\/schema\/logo\/image\/"},"sameAs":["https:\/\/www.facebook.com\/artolie.ciron.pompes.funebres","https:\/\/www.instagram.com\/artolie_ciron_pompes_funebres\/"]}]}},"_links":{"self":[{"href":"https:\/\/pfac.fr\/pompes-funebres\/wp-json\/wp\/v2\/pages\/1299","targetHints":{"allow":["GET"]}}],"collection":[{"href":"https:\/\/pfac.fr\/pompes-funebres\/wp-json\/wp\/v2\/pages"}],"about":[{"href":"https:\/\/pfac.fr\/pompes-funebres\/wp-json\/wp\/v2\/types\/page"}],"author":[{"embeddable":true,"href":"https:\/\/pfac.fr\/pompes-funebres\/wp-json\/wp\/v2\/users\/1"}],"replies":[{"embeddable":true,"href":"https:\/\/pfac.fr\/pompes-funebres\/wp-json\/wp\/v2\/comments?post=1299"}],"version-history":[{"count":25,"href":"https:\/\/pfac.fr\/pompes-funebres\/wp-json\/wp\/v2\/pages\/1299\/revisions"}],"predecessor-version":[{"id":1810,"href":"https:\/\/pfac.fr\/pompes-funebres\/wp-json\/wp\/v2\/pages\/1299\/revisions\/1810"}],"wp:attachment":[{"href":"https:\/\/pfac.fr\/pompes-funebres\/wp-json\/wp\/v2\/media?parent=1299"}],"curies":[{"name":"wp","href":"https:\/\/api.w.org\/{rel}","templated":true}]}}