{"id":1051,"date":"2023-03-30T09:45:43","date_gmt":"2023-03-30T07:45:43","guid":{"rendered":"http:\/\/localhost\/pfac\/politique-de-cookies-ue\/"},"modified":"2023-06-19T08:01:02","modified_gmt":"2023-06-19T06:01:02","slug":"politique-de-cookies-ue","status":"publish","type":"page","link":"https:\/\/pfac.fr\/pompes-funebres\/politique-de-cookies-ue\/","title":{"rendered":"Politique de cookies (UE)"},"content":{"rendered":"\t\t<div data-elementor-type=\"wp-page\" data-elementor-id=\"1051\" class=\"elementor elementor-1051\">\n\t\t\t\t<div class=\"elementor-element elementor-element-bb3f2b8 e-con-full e-flex e-con e-parent\" data-id=\"bb3f2b8\" data-element_type=\"container\" data-e-type=\"container\" data-settings=\"{&quot;background_background&quot;:&quot;classic&quot;}\">\n\t\t\t\t<div class=\"elementor-element elementor-element-ee099e6 elementor-widget elementor-widget-heading\" data-id=\"ee099e6\" data-element_type=\"widget\" data-e-type=\"widget\" data-widget_type=\"heading.default\">\n\t\t\t\t<div class=\"elementor-widget-container\">\n\t\t\t\t\t<h1 class=\"elementor-heading-title elementor-size-default\">Politique de Cookies<\/h1>\t\t\t\t<\/div>\n\t\t\t\t<\/div>\n\t\t\t\t<\/div>\n\t\t\t\t<section class=\"elementor-section elementor-top-section elementor-element elementor-element-5bc87063 elementor-section-boxed elementor-section-height-default elementor-section-height-default\" data-id=\"5bc87063\" data-element_type=\"section\" data-e-type=\"section\">\n\t\t\t\t\t\t<div class=\"elementor-container elementor-column-gap-default\">\n\t\t\t\t\t<div class=\"elementor-column elementor-col-100 elementor-top-column elementor-element elementor-element-4150e4a8\" data-id=\"4150e4a8\" data-element_type=\"column\" data-e-type=\"column\">\n\t\t\t<div class=\"elementor-widget-wrap elementor-element-populated\">\n\t\t\t\t\t\t<div class=\"elementor-element elementor-element-76ddf8bc elementor-widget elementor-widget-shortcode\" data-id=\"76ddf8bc\" data-element_type=\"widget\" data-e-type=\"widget\" data-widget_type=\"shortcode.default\">\n\t\t\t\t<div class=\"elementor-widget-container\">\n\t\t\t\t\t\t\t<div class=\"elementor-shortcode\">R\u00e9gion EU non activ\u00e9e pour cookie-statement.<\/div>\n\t\t\t\t\t\t<\/div>\n\t\t\t\t<\/div>\n\t\t\t\t\t<\/div>\n\t\t<\/div>\n\t\t\t\t\t<\/div>\n\t\t<\/section>\n\t\t\t\t<\/div>\n\t\t","protected":false},"excerpt":{"rendered":"<p>Politique de Cookies<\/p>\n","protected":false},"author":1,"featured_media":0,"parent":0,"menu_order":0,"comment_status":"closed","ping_status":"closed","template":"","meta":{"footnotes":""},"class_list":["post-1051","page","type-page","status-publish","hentry"],"yoast_head":"<!-- This site is optimized with the Yoast SEO plugin v27.1.1 - https:\/\/yoast.com\/product\/yoast-seo-wordpress\/ -->\n<title>Politique de cookies (UE) &#8902; Artolie Ciron Pompes fun\u00e8bres<\/title>\n<meta name=\"robots\" content=\"index, follow, max-snippet:-1, max-image-preview:large, max-video-preview:-1\" \/>\n<link rel=\"canonical\" href=\"https:\/\/pfac.fr\/pompes-funebres\/politique-de-cookies-ue\/\" \/>\n<meta property=\"og:locale\" content=\"fr_FR\" \/>\n<meta property=\"og:type\" content=\"article\" \/>\n<meta property=\"og:title\" content=\"Politique de cookies (UE) &#8902; Artolie Ciron Pompes fun\u00e8bres\" \/>\n<meta property=\"og:description\" content=\"Politique de Cookies\" \/>\n<meta property=\"og:url\" content=\"https:\/\/pfac.fr\/pompes-funebres\/politique-de-cookies-ue\/\" \/>\n<meta property=\"og:site_name\" content=\"Artolie Ciron Pompes fun\u00e8bres\" \/>\n<meta property=\"article:publisher\" content=\"https:\/\/www.facebook.com\/artolie.ciron.pompes.funebres\" \/>\n<meta property=\"article:modified_time\" content=\"2023-06-19T06:01:02+00:00\" \/>\n<meta name=\"twitter:card\" content=\"summary_large_image\" \/>\n<meta name=\"twitter:label1\" content=\"Dur\u00e9e de lecture estim\u00e9e\" \/>\n\t<meta name=\"twitter:data1\" content=\"9 minutes\" \/>\n<script type=\"application\/ld+json\" class=\"yoast-schema-graph\">{\"@context\":\"https:\/\/schema.org\",\"@graph\":[{\"@type\":\"WebPage\",\"@id\":\"https:\/\/pfac.fr\/pompes-funebres\/politique-de-cookies-ue\/\",\"url\":\"https:\/\/pfac.fr\/pompes-funebres\/politique-de-cookies-ue\/\",\"name\":\"Politique de cookies (UE) &#8902; Artolie Ciron Pompes fun\u00e8bres\",\"isPartOf\":{\"@id\":\"https:\/\/pfac.fr\/pompes-funebres\/#website\"},\"datePublished\":\"2023-03-30T07:45:43+00:00\",\"dateModified\":\"2023-06-19T06:01:02+00:00\",\"breadcrumb\":{\"@id\":\"https:\/\/pfac.fr\/pompes-funebres\/politique-de-cookies-ue\/#breadcrumb\"},\"inLanguage\":\"fr-FR\",\"potentialAction\":[{\"@type\":\"ReadAction\",\"target\":[\"https:\/\/pfac.fr\/pompes-funebres\/politique-de-cookies-ue\/\"]}]},{\"@type\":\"BreadcrumbList\",\"@id\":\"https:\/\/pfac.fr\/pompes-funebres\/politique-de-cookies-ue\/#breadcrumb\",\"itemListElement\":[{\"@type\":\"ListItem\",\"position\":1,\"name\":\"Accueil\",\"item\":\"https:\/\/pfac.fr\/pompes-funebres\/\"},{\"@type\":\"ListItem\",\"position\":2,\"name\":\"Politique de cookies (UE)\"}]},{\"@type\":\"WebSite\",\"@id\":\"https:\/\/pfac.fr\/pompes-funebres\/#website\",\"url\":\"https:\/\/pfac.fr\/pompes-funebres\/\",\"name\":\"Artolie Ciron Pompes fun\u00e8bres\",\"description\":\"Service de pompes fun\u00e8bres \u00e0 Cadillac,  Podensac et alentours\",\"publisher\":{\"@id\":\"https:\/\/pfac.fr\/pompes-funebres\/#organization\"},\"alternateName\":\"Pompes fun\u00e8bres Cadillac\",\"potentialAction\":[{\"@type\":\"SearchAction\",\"target\":{\"@type\":\"EntryPoint\",\"urlTemplate\":\"https:\/\/pfac.fr\/pompes-funebres\/?s={search_term_string}\"},\"query-input\":{\"@type\":\"PropertyValueSpecification\",\"valueRequired\":true,\"valueName\":\"search_term_string\"}}],\"inLanguage\":\"fr-FR\"},{\"@type\":\"Organization\",\"@id\":\"https:\/\/pfac.fr\/pompes-funebres\/#organization\",\"name\":\"Artolie Ciron\",\"alternateName\":\"Pompes fun\u00e8bres \u00e0 Cadillac\",\"url\":\"https:\/\/pfac.fr\/pompes-funebres\/\",\"logo\":{\"@type\":\"ImageObject\",\"inLanguage\":\"fr-FR\",\"@id\":\"https:\/\/pfac.fr\/pompes-funebres\/#\/schema\/logo\/image\/\",\"url\":\"https:\/\/pfac.fr\/wp-content\/uploads\/2022\/11\/logo-artolie-ciron-e1588287645926.png\",\"contentUrl\":\"https:\/\/pfac.fr\/wp-content\/uploads\/2022\/11\/logo-artolie-ciron-e1588287645926.png\",\"width\":120,\"height\":75,\"caption\":\"Artolie Ciron\"},\"image\":{\"@id\":\"https:\/\/pfac.fr\/pompes-funebres\/#\/schema\/logo\/image\/\"},\"sameAs\":[\"https:\/\/www.facebook.com\/artolie.ciron.pompes.funebres\",\"https:\/\/www.instagram.com\/artolie_ciron_pompes_funebres\/\"]}]}<\/script>\n<!-- \/ Yoast SEO plugin. -->","yoast_head_json":{"title":"Politique de cookies (UE) &#8902; Artolie Ciron Pompes fun\u00e8bres","robots":{"index":"index","follow":"follow","max-snippet":"max-snippet:-1","max-image-preview":"max-image-preview:large","max-video-preview":"max-video-preview:-1"},"canonical":"https:\/\/pfac.fr\/pompes-funebres\/politique-de-cookies-ue\/","og_locale":"fr_FR","og_type":"article","og_title":"Politique de cookies (UE) &#8902; Artolie Ciron Pompes fun\u00e8bres","og_description":"Politique de Cookies","og_url":"https:\/\/pfac.fr\/pompes-funebres\/politique-de-cookies-ue\/","og_site_name":"Artolie Ciron Pompes fun\u00e8bres","article_publisher":"https:\/\/www.facebook.com\/artolie.ciron.pompes.funebres","article_modified_time":"2023-06-19T06:01:02+00:00","twitter_card":"summary_large_image","twitter_misc":{"Dur\u00e9e de lecture estim\u00e9e":"9 minutes"},"schema":{"@context":"https:\/\/schema.org","@graph":[{"@type":"WebPage","@id":"https:\/\/pfac.fr\/pompes-funebres\/politique-de-cookies-ue\/","url":"https:\/\/pfac.fr\/pompes-funebres\/politique-de-cookies-ue\/","name":"Politique de cookies (UE) &#8902; Artolie Ciron Pompes fun\u00e8bres","isPartOf":{"@id":"https:\/\/pfac.fr\/pompes-funebres\/#website"},"datePublished":"2023-03-30T07:45:43+00:00","dateModified":"2023-06-19T06:01:02+00:00","breadcrumb":{"@id":"https:\/\/pfac.fr\/pompes-funebres\/politique-de-cookies-ue\/#breadcrumb"},"inLanguage":"fr-FR","potentialAction":[{"@type":"ReadAction","target":["https:\/\/pfac.fr\/pompes-funebres\/politique-de-cookies-ue\/"]}]},{"@type":"BreadcrumbList","@id":"https:\/\/pfac.fr\/pompes-funebres\/politique-de-cookies-ue\/#breadcrumb","itemListElement":[{"@type":"ListItem","position":1,"name":"Accueil","item":"https:\/\/pfac.fr\/pompes-funebres\/"},{"@type":"ListItem","position":2,"name":"Politique de cookies (UE)"}]},{"@type":"WebSite","@id":"https:\/\/pfac.fr\/pompes-funebres\/#website","url":"https:\/\/pfac.fr\/pompes-funebres\/","name":"Artolie Ciron Pompes fun\u00e8bres","description":"Service de pompes fun\u00e8bres \u00e0 Cadillac,  Podensac et alentours","publisher":{"@id":"https:\/\/pfac.fr\/pompes-funebres\/#organization"},"alternateName":"Pompes fun\u00e8bres Cadillac","potentialAction":[{"@type":"SearchAction","target":{"@type":"EntryPoint","urlTemplate":"https:\/\/pfac.fr\/pompes-funebres\/?s={search_term_string}"},"query-input":{"@type":"PropertyValueSpecification","valueRequired":true,"valueName":"search_term_string"}}],"inLanguage":"fr-FR"},{"@type":"Organization","@id":"https:\/\/pfac.fr\/pompes-funebres\/#organization","name":"Artolie Ciron","alternateName":"Pompes fun\u00e8bres \u00e0 Cadillac","url":"https:\/\/pfac.fr\/pompes-funebres\/","logo":{"@type":"ImageObject","inLanguage":"fr-FR","@id":"https:\/\/pfac.fr\/pompes-funebres\/#\/schema\/logo\/image\/","url":"https:\/\/pfac.fr\/wp-content\/uploads\/2022\/11\/logo-artolie-ciron-e1588287645926.png","contentUrl":"https:\/\/pfac.fr\/wp-content\/uploads\/2022\/11\/logo-artolie-ciron-e1588287645926.png","width":120,"height":75,"caption":"Artolie Ciron"},"image":{"@id":"https:\/\/pfac.fr\/pompes-funebres\/#\/schema\/logo\/image\/"},"sameAs":["https:\/\/www.facebook.com\/artolie.ciron.pompes.funebres","https:\/\/www.instagram.com\/artolie_ciron_pompes_funebres\/"]}]}},"_links":{"self":[{"href":"https:\/\/pfac.fr\/pompes-funebres\/wp-json\/wp\/v2\/pages\/1051","targetHints":{"allow":["GET"]}}],"collection":[{"href":"https:\/\/pfac.fr\/pompes-funebres\/wp-json\/wp\/v2\/pages"}],"about":[{"href":"https:\/\/pfac.fr\/pompes-funebres\/wp-json\/wp\/v2\/types\/page"}],"author":[{"embeddable":true,"href":"https:\/\/pfac.fr\/pompes-funebres\/wp-json\/wp\/v2\/users\/1"}],"replies":[{"embeddable":true,"href":"https:\/\/pfac.fr\/pompes-funebres\/wp-json\/wp\/v2\/comments?post=1051"}],"version-history":[{"count":10,"href":"https:\/\/pfac.fr\/pompes-funebres\/wp-json\/wp\/v2\/pages\/1051\/revisions"}],"predecessor-version":[{"id":1807,"href":"https:\/\/pfac.fr\/pompes-funebres\/wp-json\/wp\/v2\/pages\/1051\/revisions\/1807"}],"wp:attachment":[{"href":"https:\/\/pfac.fr\/pompes-funebres\/wp-json\/wp\/v2\/media?parent=1051"}],"curies":[{"name":"wp","href":"https:\/\/api.w.org\/{rel}","templated":true}]}}